{"id":6113,"date":"2026-04-19T10:48:28","date_gmt":"2026-04-19T10:48:28","guid":{"rendered":"https:\/\/laislasumba.com\/?page_id=6113"},"modified":"2026-04-20T12:52:40","modified_gmt":"2026-04-20T12:52:40","slug":"noticias","status":"publish","type":"page","link":"https:\/\/laislasumba.com\/en\/noticias\/","title":{"rendered":"Noticias de Sumba: actualidad, eventos y novedades en la isla de Indonesia"},"content":{"rendered":"\n<div class=\"wp-block-stackable-columns alignfull stk-block-columns stk-has-bottom-separator stk-block stk-a0dab9b stk-block-background stk--has-background-overlay\" data-block-id=\"a0dab9b\"><style>.stk-a0dab9b {background-color:var(--theme-palette-color-3, #333333) !important;background-image:url(https:\/\/mlkleez7fbfd.i.optimole.com\/cb:QPyP.e01\/w:auto\/h:auto\/q:mauto\/g:sm\/f:best\/https:\/\/laislasumba.com\/wp-content\/uploads\/2025\/12\/Isla-Sumba-Indonesia-Noticias-craneo-de-bufalo-decorativo.jpg) !important;background-attachment:fixed !important;background-position:bottom center !important;padding-top:8% !important;padding-bottom:10% !important;margin-bottom:0px !important;}.stk-a0dab9b:before{background-color:var(--theme-palette-color-3, #333333) !important;opacity:0.7 !important;}.stk-a0dab9b-column{max-width:1300px !important;min-width:auto !important;}.stk-a0dab9b > .stk-separator__bottom svg{fill:#0f0e17 !important;}.stk-a0dab9b > .stk-separator__bottom .stk-separator__wrapper{height:110px !important;}<\/style><div class=\"stk-row stk-inner-blocks stk-block-content stk-content-align stk-a0dab9b-column alignfull\">\n<div class=\"wp-block-stackable-column stk-block-column stk-column stk-block stk-98a6b8f\" data-v=\"4\" data-block-id=\"98a6b8f\"><style>.stk-98a6b8f-container{padding-bottom:var(--stk--preset--spacing--50, 1.5rem) !important;}<\/style><div class=\"stk-column-wrapper stk-block-column__content stk-container stk-98a6b8f-container stk--no-background stk--no-padding\"><div class=\"stk-block-content stk-inner-blocks stk-98a6b8f-inner-blocks\">\n<div class=\"wp-block-stackable-columns stk-block-columns stk-block stk-fc9bc2f\" data-block-id=\"fc9bc2f\"><style>.stk-fc9bc2f-column{--stk-columns-spacing:0px !important;}<\/style><div class=\"stk-row stk-inner-blocks stk-block-content stk-content-align stk-fc9bc2f-column\">\n<div class=\"wp-block-stackable-column stk-block-column stk-column stk-block stk-5f6794e\" data-v=\"4\" data-block-id=\"5f6794e\"><style>.stk-5f6794e-container{max-width:57% !important;min-width:auto !important;}<\/style><div class=\"stk-column-wrapper stk-block-column__content stk-container stk-5f6794e-container stk--no-background stk--no-padding\"><div class=\"stk-block-content stk-inner-blocks stk-5f6794e-inner-blocks\">\n<div class=\"wp-block-stackable-icon stk-block-icon stk-block stk-32a55d6\" data-block-id=\"32a55d6\"><style>.stk-32a55d6 .stk--svg-wrapper .stk--inner-svg svg:last-child{height:45px !important;width:45px !important;}.stk-32a55d6 .stk--svg-wrapper .stk--inner-svg svg:last-child, .stk-32a55d6 .stk--svg-wrapper .stk--inner-svg svg:last-child :is(g, path, rect, polygon, ellipse){fill:var(--theme-palette-color-8, #fdfaf6) !important;}<\/style><span class=\"stk--svg-wrapper\"><div class=\"stk--inner-svg\"><svg style=\"height:0;width:0\"><defs><linearGradient id=\"linear-gradient-32a55d6\" x1=\"0\" x2=\"100%\" y1=\"0\" y2=\"0\"><stop offset=\"0%\" style=\"stop-opacity:1;stop-color:var(--linear-gradient-32-a-55-d-6-color-1)\"><\/stop><stop offset=\"100%\" style=\"stop-opacity:1;stop-color:var(--linear-gradient-32-a-55-d-6-color-2)\"><\/stop><\/linearGradient><\/defs><\/svg><svg xmlns=\"http:\/\/www.w3.org\/2000\/svg\" viewBox=\"0 0 384 512\" aria-hidden=\"true\" width=\"32\" height=\"32\"><path d=\"M14 2.2C22.5-1.7 32.5-.3 39.6 5.8L80 40.4 120.4 5.8c9-7.7 22.3-7.7 31.2 0L192 40.4 232.4 5.8c9-7.7 22.3-7.7 31.2 0L304 40.4 344.4 5.8c7.1-6.1 17.1-7.5 25.6-3.6s14 12.4 14 21.8V488c0 9.4-5.5 17.9-14 21.8s-18.5 2.5-25.6-3.6L304 471.6l-40.4 34.6c-9 7.7-22.3 7.7-31.2 0L192 471.6l-40.4 34.6c-9 7.7-22.3 7.7-31.2 0L80 471.6 39.6 506.2c-7.1 6.1-17.1 7.5-25.6 3.6S0 497.4 0 488V24C0 14.6 5.5 6.1 14 2.2zM96 144c-8.8 0-16 7.2-16 16s7.2 16 16 16H288c8.8 0 16-7.2 16-16s-7.2-16-16-16H96zM80 352c0 8.8 7.2 16 16 16H288c8.8 0 16-7.2 16-16s-7.2-16-16-16H96c-8.8 0-16 7.2-16 16zM96 240c-8.8 0-16 7.2-16 16s7.2 16 16 16H288c8.8 0 16-7.2 16-16s-7.2-16-16-16H96z\"\/><\/svg><\/div><\/span><\/div>\n\n\n<h1 class=\"ct-dynamic-data wp-elements-440a344246f76d033ab0994612a064a9 has-text-color has-palette-color-5-color has-x-large-font-size\">Noticias de Sumba: actualidad, eventos y novedades en la isla de Indonesia<\/h1>\n\n<span style=\"font-size:clamp(0.875rem, 0.875rem + ((1vw - 0.2rem) * 0.406), 1.2rem);\" class=\"ct-dynamic-data wp-elements-a74a67eda665d4bdfc0455dbc9bb9752 wp-elements-1890c70f081a0fafd6cfe8e4b1cc21b3 has-text-color has-palette-color-5-color\">Las noticias de Sumba re\u00fanen la actualidad de la isla: eventos culturales, cambios en el turismo, iniciativas locales y novedades relevantes para viajeros y comunidades. Informaci\u00f3n contextualizada para entender qu\u00e9 est\u00e1 pasando en Sumba hoy.<\/span><\/div><\/div><\/div>\n<\/div><\/div>\n\n\n\n<div class=\"wp-block-stackable-columns stk-block-columns stk-block stk-13606f9\" data-block-id=\"13606f9\"><style>.stk-13606f9 {margin-top:var(--stk--preset--spacing--none, 0px) !important;margin-bottom:var(--stk--preset--spacing--none, 0px) !important;}<\/style><div class=\"stk-row stk-inner-blocks stk-block-content stk-content-align stk-13606f9-column\">\n<div class=\"wp-block-stackable-column stk-block-column stk-column stk-block stk-40e6f3d\" data-v=\"4\" data-block-id=\"40e6f3d\"><div class=\"stk-column-wrapper stk-block-column__content stk-container stk-40e6f3d-container stk--no-background stk--no-padding\"><div class=\"stk-block-content stk-inner-blocks stk-40e6f3d-inner-blocks\"><div class=\"ct-breadcrumbs\" data-source=\"rankmath\" style=\"--theme-link-initial-color:var(--wp--preset--color--palette-color-1);--theme-text-color:var(--wp--preset--color--palette-color-5);--theme-link-hover-color:var(--wp--preset--color--palette-color-9);\"><nav aria-label=\"breadcrumbs\" class=\"rank-math-breadcrumb\"><p><span class=\"last\">Inicio<\/span><\/p><\/nav><\/div><\/div><\/div><\/div>\n<\/div><\/div>\n<\/div><\/div><\/div>\n<\/div><div class=\"stk-separator stk-separator__bottom\"><div class=\"stk-separator__wrapper\"><svg xmlns=\"http:\/\/www.w3.org\/2000\/svg\" viewBox=\"0 0 1600 200\" class=\"stk-separator__layer-1\" preserveAspectRatio=\"none\" aria-hidden=\"true\"><path d=\"M1610.5 24.1s-128.2 82.6-138.2 89.2c-17.1 11.3-37.2 15.5-87 18.1-49.7 2.6-753.6 40.7-783.9 42.3-30.3 1.5-81.1 1.3-121.1-8.2S-9.5 50-9.5 50v158.9h1620V24.1z\"><\/path><\/svg><\/div><\/div><\/div>\n\n\n\n<div class=\"wp-block-stackable-columns alignfull stk-block-columns stk-block stk-bdef1bd stk-block-background\" data-block-id=\"bdef1bd\"><style>.stk-bdef1bd {background-color:#0f0e17 !important;margin-top:var(--stk--preset--spacing--none, 0px) !important;margin-bottom:0px !important;}.stk-bdef1bd:before{background-color:#0f0e17 !important;}<\/style><div class=\"stk-row stk-inner-blocks stk-block-content stk-content-align stk-bdef1bd-column\">\n<div class=\"wp-block-stackable-column stk-block-column stk-column stk-block stk-dd5d4c5\" data-v=\"4\" data-block-id=\"dd5d4c5\"><style>.stk-dd5d4c5-container{max-width:85% !important;min-width:auto !important;margin-right:auto !important;margin-left:auto !important;}<\/style><div class=\"stk-column-wrapper stk-block-column__content stk-container stk-dd5d4c5-container stk--no-background stk--no-padding\"><div class=\"stk-block-content stk-inner-blocks stk-dd5d4c5-inner-blocks\">\n<p class=\"has-text-align-center has-palette-color-8-color has-text-color has-link-color wp-elements-f2e654863390941c468cd5f3c6c9a6fb\" style=\"margin-top:3%;margin-bottom:3%;font-size:clamp(14px, 0.875rem + ((1vw - 3.2px) * 0.391), 19px);font-style:italic;font-weight:500\">Sumba es una isla en transformaci\u00f3n, donde tradici\u00f3n, turismo y desarrollo local evolucionan constantemente. En esta secci\u00f3n encontrar\u00e1s noticias y actualidad sobre eventos, cambios en el turismo, iniciativas comunitarias y novedades que afectan tanto a viajeros como a la poblaci\u00f3n local. Seguir la actualidad de Sumba permite entender mejor c\u00f3mo cambia la isla sin perder su identidad cultural.<\/p>\n<\/div><\/div><\/div>\n<\/div><\/div>\n\n\n\n<div class=\"wp-block-stackable-columns stk-block-columns stk-block stk-d1fd651\" data-block-id=\"d1fd651\"><style>.stk-d1fd651 {padding-top:var(--stk--preset--spacing--80, 5.06rem) !important;padding-right:0rem !important;padding-left:0rem !important;}<\/style><div class=\"stk-row stk-inner-blocks stk-block-content stk-content-align stk-d1fd651-column\">\n<div class=\"wp-block-stackable-column stk-block-column stk-column stk-block stk-c8a5387\" data-v=\"4\" data-block-id=\"c8a5387\"><style>@media screen and (min-width:690px){.stk-c8a5387 {flex:var(--stk-flex-grow, 1) 1 calc(75% - var(--stk-column-gap, 0px) * 1 \/ 2 ) !important;}}<\/style><div class=\"stk-column-wrapper stk-block-column__content stk-container stk-c8a5387-container stk--no-background stk--no-padding\"><div class=\"stk-block-content stk-inner-blocks stk-c8a5387-inner-blocks\">\n<div class=\"wp-block-stackable-icon-label stk-block-icon-label stk-block stk-45e771c\" data-block-id=\"45e771c\"><style>.stk-45e771c .stk-inner-blocks{gap:17px !important;}<\/style><div class=\"stk-row stk-inner-blocks stk-block-content\">\n<div class=\"wp-block-stackable-icon stk-block-icon has-text-align-left stk-block stk-7c02da3\" data-block-id=\"7c02da3\"><style>.stk-7c02da3 .stk--svg-wrapper .stk--inner-svg svg:last-child{height:45px !important;width:45px !important;}.stk-7c02da3 .stk--svg-wrapper .stk--inner-svg svg:last-child, .stk-7c02da3 .stk--svg-wrapper .stk--inner-svg svg:last-child :is(g, path, rect, polygon, ellipse){fill:#0f0e17 !important;}<\/style><span class=\"stk--svg-wrapper\"><div class=\"stk--inner-svg\"><svg style=\"height:0;width:0\"><defs><linearGradient id=\"linear-gradient-7c02da3\" x1=\"0\" x2=\"100%\" y1=\"0\" y2=\"0\"><stop offset=\"0%\" style=\"stop-opacity:1;stop-color:var(--linear-gradient-7-c-02-da-3-color-1)\"><\/stop><stop offset=\"100%\" style=\"stop-opacity:1;stop-color:var(--linear-gradient-7-c-02-da-3-color-2)\"><\/stop><\/linearGradient><\/defs><\/svg><svg xmlns=\"http:\/\/www.w3.org\/2000\/svg\" viewBox=\"0 0 384 512\" aria-hidden=\"true\" width=\"32\" height=\"32\"><path d=\"M14 2.2C22.5-1.7 32.5-.3 39.6 5.8L80 40.4 120.4 5.8c9-7.7 22.3-7.7 31.2 0L192 40.4 232.4 5.8c9-7.7 22.3-7.7 31.2 0L304 40.4 344.4 5.8c7.1-6.1 17.1-7.5 25.6-3.6s14 12.4 14 21.8V488c0 9.4-5.5 17.9-14 21.8s-18.5 2.5-25.6-3.6L304 471.6l-40.4 34.6c-9 7.7-22.3 7.7-31.2 0L192 471.6l-40.4 34.6c-9 7.7-22.3 7.7-31.2 0L80 471.6 39.6 506.2c-7.1 6.1-17.1 7.5-25.6 3.6S0 497.4 0 488V24C0 14.6 5.5 6.1 14 2.2zM96 144c-8.8 0-16 7.2-16 16s7.2 16 16 16H288c8.8 0 16-7.2 16-16s-7.2-16-16-16H96zM80 352c0 8.8 7.2 16 16 16H288c8.8 0 16-7.2 16-16s-7.2-16-16-16H96c-8.8 0-16 7.2-16 16zM96 240c-8.8 0-16 7.2-16 16s7.2 16 16 16H288c8.8 0 16-7.2 16-16s-7.2-16-16-16H96z\"\/><\/svg><\/div><\/span><\/div>\n\n\n\n<div class=\"wp-block-stackable-heading stk-block-heading stk-block-heading--v2 stk-block stk-28e42e3\" id=\"strong-ultimas-noticias-de-sumba-strong\" data-block-id=\"28e42e3\"><style>.stk-28e42e3 {min-height:var(--stk--preset--block-height--none, 0px) !important;align-items:center !important;display:flex !important;}.stk-28e42e3 .stk-block-heading__text{font-size:29px !important;}@media screen and (max-width:999px){.stk-28e42e3 .stk-block-heading__text{font-size:29px !important;}}<\/style><h2 class=\"stk-block-heading__text\"><strong>\u00daltimas noticias de Sumba<\/strong><\/h2><\/div>\n<\/div><\/div>\n\n\n\n<div class=\"wp-block-stackable-text stk-block-text stk-block stk-4f379c8\" data-block-id=\"4f379c8\"><style>.stk-4f379c8 .stk-block-text__text{color:var(--theme-palette-color-3, #333333) !important;}<\/style><p class=\"stk-block-text__text has-text-color\">Actualizaciones recientes en Sumba: eventos, turismo, cultura y cambios relevantes en la isla. Lectura r\u00e1pida para estar al d\u00eda.<\/p><\/div>\n\n\n\n<div data-id=\"42a4045e\" style=\"border-top-left-radius:0px;border-top-right-radius:0px;border-bottom-left-radius:0px;border-bottom-right-radius:0px;border-style:none;border-width:0px;\" class=\"wp-block-blocksy-query\">\n<div data-id=\"da90b624\" style=\"border-top-left-radius:0px;border-top-right-radius:0px;border-bottom-left-radius:0px;border-bottom-right-radius:0px;\" class=\"wp-block-blocksy-query\"><div class=\"ct-query-template-grid\"><article class=\"wp-block-post is-layout-flow post-131 post type-post status-publish format-standard has-post-thumbnail hentry category-cultura category-experiencias category-historias category-naturaleza category-sostenibilidad category-surf tag-noticias\">\n<div style=\"border-top-left-radius:30px;border-top-right-radius:30px;border-bottom-left-radius:30px;border-bottom-right-radius:30px;min-height: 400px; padding-top:var(--wp--preset--spacing--50);padding-bottom:var(--wp--preset--spacing--50);padding-left:var(--wp--preset--spacing--50);padding-right:var(--wp--preset--spacing--50);\" class=\"wp-block-cover ct-dynamic-cover has-custom-content-position is-position-bottom-center wp-elements-f40021c8b2c9abfeb256cd2989e459dc\" data-block-type=\"core\"><span class=\"wp-block-cover__background\" aria-hidden=\"true\"><\/span><img data-opt-id=237377993  fetchpriority=\"high\" decoding=\"async\" width=\"1000\" height=\"563\" src=\"https:\/\/mlkleez7fbfd.i.optimole.com\/cb:QPyP.e01\/w:auto\/h:auto\/q:mauto\/g:sm\/f:best\/https:\/\/laislasumba.com\/wp-content\/uploads\/2020\/04\/keith-hardy-217164-unsplash.jpg\" class=\"wp-block-cover__image-background wp-post-image\" alt=\"\" srcset=\"https:\/\/mlkleez7fbfd.i.optimole.com\/cb:QPyP.e01\/w:1000\/h:563\/q:mauto\/g:sm\/f:best\/https:\/\/laislasumba.com\/wp-content\/uploads\/2020\/04\/keith-hardy-217164-unsplash.jpg 1000w, https:\/\/mlkleez7fbfd.i.optimole.com\/cb:QPyP.e01\/w:300\/h:169\/q:mauto\/g:sm\/f:best\/https:\/\/laislasumba.com\/wp-content\/uploads\/2020\/04\/keith-hardy-217164-unsplash.jpg 300w, https:\/\/mlkleez7fbfd.i.optimole.com\/cb:QPyP.e01\/w:768\/h:432\/q:mauto\/g:sm\/f:best\/https:\/\/laislasumba.com\/wp-content\/uploads\/2020\/04\/keith-hardy-217164-unsplash.jpg 768w, https:\/\/mlkleez7fbfd.i.optimole.com\/cb:QPyP.e01\/w:18\/h:10\/q:mauto\/g:sm\/f:best\/https:\/\/laislasumba.com\/wp-content\/uploads\/2020\/04\/keith-hardy-217164-unsplash.jpg 18w, https:\/\/mlkleez7fbfd.i.optimole.com\/cb:QPyP.e01\/w:1000\/h:563\/q:mauto\/g:sm\/f:best\/dpr:2\/https:\/\/laislasumba.com\/wp-content\/uploads\/2020\/04\/keith-hardy-217164-unsplash.jpg 2x\" sizes=\"(max-width: 1000px) 100vw, 1000px\" \/><div class=\"wp-block-cover__inner-container ct-dynamic-cover__inner-2 is-layout-constrained wp-block-cover-is-layout-constrained\">\n<h2 class=\"ct-dynamic-data has-text-align-center wp-elements-afd89a34bb1a0c711deffce58579054a wp-elements-aeeb15b0d07c8f0bfce44f097a5137df has-medium-font-size\"><a href=\"https:\/\/laislasumba.com\/en\/ornare-arcuodio\/\">Ornare Arcuodio Utsem Pharetra Maecenas Volutpat Blandit Aliquam<\/a><\/h2>\n\n<div style=\"font-size:12px;text-transform:uppercase;\" class=\"ct-dynamic-data has-text-align-center wp-elements-d79cf465bc7c149039fd2a685c9513f2\">17 de April de 2020<\/div>\n<\/div><\/div>\n<\/article><\/div><style>[data-id='da90b624'] {--grid-columns-width:3;}@media (max-width: 999.98px) {[data-id='da90b624'] {--grid-columns-width:2;}}@media (max-width: 689.98px) {[data-id='da90b624'] {--grid-columns-width:1;}}<\/style><\/div>\n<\/div>\n<\/div><\/div><\/div>\n\n\n\n<div class=\"wp-block-stackable-column stk-block-column stk-column stk-block stk-05f5624\" data-v=\"4\" data-block-id=\"05f5624\"><style>@media screen and (min-width:690px){.stk-05f5624 {flex:var(--stk-flex-grow, 1) 1 calc(25% - var(--stk-column-gap, 0px) * 1 \/ 2 ) !important;}}<\/style><div class=\"stk-column-wrapper stk-block-column__content stk-container stk-05f5624-container stk-hover-parent\"><div class=\"has-text-align-left stk-block-content stk-inner-blocks stk-05f5624-inner-blocks\">\n<h2 class=\"wp-block-heading\" id=\"claves-cultura\" style=\"font-size:clamp(14.082px, 0.88rem + ((1vw - 3.2px) * 0.54), 21px);letter-spacing:0.5px;text-transform:none\" data-block-type=\"core\"><strong>Lo m\u00e1s destacado de Sumba ahora<\/strong><\/h2>\n\n\n\n<div class=\"wp-block-stackable-text stk-block-text stk-block stk-12adc88\" data-block-id=\"12adc88\"><style>.stk-12adc88 {margin-bottom:40px !important;}.stk-12adc88 .stk-block-text__text{color:var(--theme-palette-color-3, #333333) !important;}<\/style><p class=\"stk-block-text__text has-text-color\">Art\u00edculos seleccionados sobre la actualidad de Sumba: eventos culturales, cambios en el turismo y noticias relevantes para entender c\u00f3mo evoluciona la isla.<\/p><\/div>\n\n\n\n<div data-id=\"e2dc7e58\" class=\"wp-block-blocksy-query\">\n<div style=\"height:0px\" aria-hidden=\"true\" class=\"wp-block-spacer\" data-block-type=\"core\"><\/div>\n\n\n\n\n\n<div style=\"height:30px\" aria-hidden=\"true\" class=\"wp-block-spacer\" data-block-type=\"core\"><\/div>\n\n\n\n<h3 class=\"wp-block-heading\" id=\"claves-cultura\" style=\"font-size:clamp(14.082px, 0.88rem + ((1vw - 3.2px) * 0.54), 21px);letter-spacing:0.5px;text-transform:none\" data-block-type=\"core\"><strong>Explora la actualidad de Sumba por tem\u00e1tica<\/strong><\/h3>\n\n\n\n<div class=\"wp-block-stackable-text stk-block-text stk-block stk-652d220\" data-block-id=\"652d220\"><style>.stk-652d220 {margin-bottom:9px !important;}.stk-652d220 .stk-block-text__text{color:var(--theme-palette-color-3, #333333) !important;}<\/style><p class=\"stk-block-text__text has-text-color\">Encuentra noticias y art\u00edculos seg\u00fan el \u00e1rea que m\u00e1s te interese en la isla.<\/p><\/div>\n\n\n<ul class=\"wp-block-categories-list alignleft wp-block-categories\" data-block-type=\"core\">\t<li class=\"cat-item cat-item-27\"><a href=\"https:\/\/laislasumba.com\/en\/revista\/cultura\/\">Cultura<\/a>\n<\/li>\n\t<li class=\"cat-item cat-item-32\"><a href=\"https:\/\/laislasumba.com\/en\/revista\/experiencias\/\">Experiencias<\/a>\n<\/li>\n\t<li class=\"cat-item cat-item-33\"><a href=\"https:\/\/laislasumba.com\/en\/revista\/historias\/\">Historias<\/a>\n<\/li>\n\t<li class=\"cat-item cat-item-28\"><a href=\"https:\/\/laislasumba.com\/en\/revista\/naturaleza\/\">Naturaleza<\/a>\n<\/li>\n\t<li class=\"cat-item cat-item-31\"><a href=\"https:\/\/laislasumba.com\/en\/revista\/sostenibilidad\/\">Sostenibilidad<\/a>\n<\/li>\n\t<li class=\"cat-item cat-item-30\"><a href=\"https:\/\/laislasumba.com\/en\/revista\/surf\/\">Surf<\/a>\n<\/li>\n\t<li class=\"cat-item cat-item-29\"><a href=\"https:\/\/laislasumba.com\/en\/revista\/viajar\/\">Viajar<\/a>\n<\/li>\n<\/ul><\/div>\n<\/div><\/div><\/div>\n<\/div><\/div>\n","protected":false},"excerpt":{"rendered":"<p>Las noticias de Sumba re\u00fanen la actualidad de la isla: eventos culturales, cambios en el turismo, iniciativas locales y novedades relevantes para viajeros y comunidades. Informaci\u00f3n contextualizada para entender qu\u00e9 est\u00e1 pasando en Sumba hoy.<\/p>","protected":false},"author":3,"featured_media":0,"parent":0,"menu_order":0,"comment_status":"closed","ping_status":"closed","template":"","meta":{"footnotes":""},"class_list":["post-6113","page","type-page","status-publish","hentry"],"blocksy_meta":{"disable_featured_image":"yes","disable_share_box":"yes","disable_header":"no","page_structure_type":"type-4","content_style_source":"inherit","vertical_spacing_source":"custom","has_hero_section":"disabled","styles_descriptor":{"styles":{"desktop":"","tablet":"","mobile":""},"google_fonts":[],"version":6},"content_area_spacing":"bottom"},"_links":{"self":[{"href":"https:\/\/laislasumba.com\/en\/wp-json\/wp\/v2\/pages\/6113","targetHints":{"allow":["GET"]}}],"collection":[{"href":"https:\/\/laislasumba.com\/en\/wp-json\/wp\/v2\/pages"}],"about":[{"href":"https:\/\/laislasumba.com\/en\/wp-json\/wp\/v2\/types\/page"}],"author":[{"embeddable":true,"href":"https:\/\/laislasumba.com\/en\/wp-json\/wp\/v2\/users\/3"}],"replies":[{"embeddable":true,"href":"https:\/\/laislasumba.com\/en\/wp-json\/wp\/v2\/comments?post=6113"}],"version-history":[{"count":10,"href":"https:\/\/laislasumba.com\/en\/wp-json\/wp\/v2\/pages\/6113\/revisions"}],"predecessor-version":[{"id":6134,"href":"https:\/\/laislasumba.com\/en\/wp-json\/wp\/v2\/pages\/6113\/revisions\/6134"}],"wp:attachment":[{"href":"https:\/\/laislasumba.com\/en\/wp-json\/wp\/v2\/media?parent=6113"}],"curies":[{"name":"wp","href":"https:\/\/api.w.org\/{rel}","templated":true}]}}